{"id":438,"date":"2024-08-18T21:26:00","date_gmt":"2024-08-18T21:26:00","guid":{"rendered":"http:\/\/consulting.johanneswengel.com\/?page_id=438"},"modified":"2026-03-31T15:51:26","modified_gmt":"2026-03-31T15:51:26","slug":"imprint","status":"publish","type":"page","link":"https:\/\/wengelandco.com\/de\/imprint\/","title":{"rendered":"Impressum"},"content":{"rendered":"<div style=\"height:20px\" aria-hidden=\"true\" class=\"wp-block-spacer\"><\/div>\n\n\n\n<h1 class=\"wp-block-heading\"><strong>Impressum <\/strong><\/h1>\n\n\n\n<p><strong>Firmenname<\/strong><br>WENGEL &amp; CO. L.P.<\/p>\n\n\n\n<p><strong>Gesch\u00e4ftsadresse<\/strong><br>25is Martiou 9<br>15561 Cholargos, Athen<br>Griechenland<\/p>\n\n\n\n<p><strong>Vertreten durch<\/strong><br>Johannes Wengel (Managing Director)<\/p>\n\n\n\n<p><strong>Kontaktdaten<\/strong><br>Email: <a href=\"mailto:info@wengelandco.com\" target=\"_blank\" rel=\"noreferrer noopener\">info@wengelandco.com<\/a><br>Phone (GR): +30 698 0700 360<br>Website: <a href=\"https:\/\/wengelandco.com\/de\/\">https:\/\/www.wengelandco.com<\/a><\/p>\n\n\n\n<p><strong>Handelsregistereintrag<\/strong><br>GEMI (Allgemeines Handelsregister) Nr.: 185200001000<\/p>\n\n\n\n<p><strong>Umsatzsteuer-Identifikationsnummer (USt-IdNr.)<\/strong><br>EL802913610<\/p>\n\n\n\n<p><strong>Berufshaftpflichtversicherung<\/strong><br><strong>Versicherer:<\/strong> Lloyd\u2019s Insurance Company S.A., Administered by the Coverholder: CFC Europe S.A., Bastion Tower, 5 Place du Champ de Mars, 1050 Brussels, Belgium<br><strong>Makler<\/strong>: Cromar Insurance Brokers S.A., 17 Ag. Konstantinou &amp; Ag. Anargiron Str., 151 24 Marousi, Greece<br><strong>Geltungsbereich<\/strong>: Worldwide<\/p>\n\n\n\n<p><strong>Haftungsausschluss (Haftung f\u00fcr Inhalte)<\/strong><br>Wir bem\u00fchen uns, die Richtigkeit, Vollst\u00e4ndigkeit und Aktualit\u00e4t der Inhalte auf dieser Website sicherzustellen. Wir \u00fcbernehmen jedoch keine Haftung f\u00fcr unbeabsichtigte Fehler oder Auslassungen. Gem\u00e4\u00df Artikel 14 der EU-E-Commerce-Richtlinie und geltendem griechischem Recht haften wir f\u00fcr unsere eigenen Inhalte nach allgemeinem Recht.<br>Wir sind nicht verpflichtet, \u00fcbermittelte oder gespeicherte fremde Informationen zu \u00fcberwachen oder nach Umst\u00e4nden zu forschen, die auf eine rechtswidrige T\u00e4tigkeit hinweisen. Verpflichtungen zur Entfernung oder Sperrung der Nutzung von Informationen nach allgemeinem Recht bleiben hiervon unber\u00fchrt. Eine diesbez\u00fcgliche Haftung besteht erst ab dem Zeitpunkt, zu dem wir von einer konkreten Rechtsverletzung Kenntnis erlangen. Sollten uns derartige Inhalte bekannt werden, werden wir diese umgehend entfernen.<\/p>\n\n\n\n<p><strong>Haftung f\u00fcr Links<\/strong><br>Diese Website enth\u00e4lt Links zu Websites Dritter. Wir haben keinen Einfluss auf die Inhalte dieser Seiten und \u00fcbernehmen daher keine Haftung f\u00fcr deren Inhalte. Verantwortlich ist stets der jeweilige Anbieter oder Betreiber. Die verlinkten Inhalte wurden zum Zeitpunkt der Verlinkung auf Rechtsverst\u00f6\u00dfe \u00fcberpr\u00fcft; solche waren nicht erkennbar. Sollten uns Rechtsverst\u00f6\u00dfe bekannt werden, werden wir die Links umgehend entfernen.<\/p>\n\n\n\n<p><strong>Urheberrecht<\/strong><br>Die Inhalte und Werke auf dieser Website unterliegen dem griechischen und internationalen Urheberrecht. Jede Vervielf\u00e4ltigung, Bearbeitung, Verbreitung oder jede andere Art der Verwertung au\u00dferhalb der Grenzen des Urheberrechts bedarf der vorherigen schriftlichen Zustimmung des jeweiligen Rechteinhabers.<\/p>\n\n\n\n<p><strong>Streitbeilegung<\/strong><br>Die Europ\u00e4ische Kommission stellt eine Plattform zur Online-Streitbeilegung (ODR) bereit:<br><a href=\"https:\/\/ec.europa.eu\/consumers\/odr\">https:\/\/ec.europa.eu\/consumers\/odr<\/a><br>Wir sind weder bereit noch verpflichtet, an Streitbeilegungsverfahren vor einer Verbraucherschlichtungsstelle teilzunehmen.<\/p>\n\n\n\n<p><strong>Datenschutz<\/strong><br>Bitte lesen Sie unsere [Datenschutzerkl\u00e4rung], um zu erfahren, wie wir personenbezogene Daten gem\u00e4\u00df der Datenschutz-Grundverordnung (DSGVO) behandeln.<\/p>\n\n\n\n<div style=\"height:80px\" aria-hidden=\"true\" class=\"wp-block-spacer\"><\/div>","protected":false},"excerpt":{"rendered":"<p>Imprint Company Name:WENGEL &amp; CO. L.P. Business Address:25is Martiou 915561 Cholargos, AthensGreece Represented by:Johannes Wengel (Managing Director) Contact Information:Email: info@wengelandco.comPhone (GR): +30 698 0700 360Website: https:\/\/www.wengelandco.com Company Registration:GEMI (General Commercial &hellip; <\/p>\n<p class=\"link-more\"><a href=\"https:\/\/wengelandco.com\/de\/imprint\/\" class=\"more-link\">Mehr <span class=\"screen-reader-text\">\u00fcber &#8220;Imprint&#8221; <\/span>Lesen<\/a><\/p>","protected":false},"author":1,"featured_media":0,"parent":0,"menu_order":0,"comment_status":"closed","ping_status":"closed","template":"page-templates\/no-title.php","meta":{"inspiro_hide_title":false,"footnotes":""},"class_list":["post-438","page","type-page","status-publish","hentry"],"_links":{"self":[{"href":"https:\/\/wengelandco.com\/de\/wp-json\/wp\/v2\/pages\/438"}],"collection":[{"href":"https:\/\/wengelandco.com\/de\/wp-json\/wp\/v2\/pages"}],"about":[{"href":"https:\/\/wengelandco.com\/de\/wp-json\/wp\/v2\/types\/page"}],"author":[{"embeddable":true,"href":"https:\/\/wengelandco.com\/de\/wp-json\/wp\/v2\/users\/1"}],"replies":[{"embeddable":true,"href":"https:\/\/wengelandco.com\/de\/wp-json\/wp\/v2\/comments?post=438"}],"version-history":[{"count":12,"href":"https:\/\/wengelandco.com\/de\/wp-json\/wp\/v2\/pages\/438\/revisions"}],"predecessor-version":[{"id":657,"href":"https:\/\/wengelandco.com\/de\/wp-json\/wp\/v2\/pages\/438\/revisions\/657"}],"wp:attachment":[{"href":"https:\/\/wengelandco.com\/de\/wp-json\/wp\/v2\/media?parent=438"}],"curies":[{"name":"wp","href":"https:\/\/api.w.org\/{rel}","templated":true}]}}